{"id":161,"date":"2016-09-27T11:45:41","date_gmt":"2016-09-27T09:45:41","guid":{"rendered":"http:\/\/eric-claux.com\/?page_id=161"},"modified":"2023-10-12T08:07:09","modified_gmt":"2023-10-12T06:07:09","slug":"conference","status":"publish","type":"page","link":"https:\/\/eric-claux.com\/?page_id=161","title":{"rendered":"Pr\u00e9paration mentale des sportifs"},"content":{"rendered":"<p>[et_pb_section fb_built=\u00a0\u00bb1&Prime; admin_label=\u00a0\u00bbsection\u00a0\u00bb _builder_version=\u00a0\u00bb4.16&Prime; global_colors_info=\u00a0\u00bb{}\u00a0\u00bb][et_pb_row padding_mobile=\u00a0\u00bboff\u00a0\u00bb column_padding_mobile=\u00a0\u00bbon\u00a0\u00bb admin_label=\u00a0\u00bbLigne\u00a0\u00bb module_class=\u00a0\u00bb et_pb_row_fullwidth\u00a0\u00bb _builder_version=\u00a0\u00bb4.16&Prime; background_size=\u00a0\u00bbinitial\u00a0\u00bb background_position=\u00a0\u00bbtop_left\u00a0\u00bb background_repeat=\u00a0\u00bbrepeat\u00a0\u00bb width=\u00a0\u00bb89%\u00a0\u00bb width_tablet=\u00a0\u00bb80%\u00a0\u00bb width_phone=\u00a0\u00bb\u00a0\u00bb width_last_edited=\u00a0\u00bbon|desktop\u00a0\u00bb max_width=\u00a0\u00bb89%\u00a0\u00bb max_width_tablet=\u00a0\u00bb80%\u00a0\u00bb max_width_phone=\u00a0\u00bb\u00a0\u00bb max_width_last_edited=\u00a0\u00bbon|desktop\u00a0\u00bb make_fullwidth=\u00a0\u00bbon\u00a0\u00bb use_custom_width=\u00a0\u00bboff\u00a0\u00bb width_unit=\u00a0\u00bbon\u00a0\u00bb global_colors_info=\u00a0\u00bb{}\u00a0\u00bb][et_pb_column type=\u00a0\u00bb4_4&Prime; _builder_version=\u00a0\u00bb4.16&Prime; custom_padding=\u00a0\u00bb|||\u00a0\u00bb global_colors_info=\u00a0\u00bb{}\u00a0\u00bb custom_padding__hover=\u00a0\u00bb|||\u00a0\u00bb][et_pb_text _builder_version=\u00a0\u00bb4.22.2&Prime; hover_enabled=\u00a0\u00bb0&Prime; global_colors_info=\u00a0\u00bb{}\u00a0\u00bb sticky_enabled=\u00a0\u00bb0&Prime;]<\/p>\n<h1>La pr\u00e9paration mentale, pour qui\u00a0? Pourquoi\u00a0?<\/h1>\n<p style=\"font-weight: 400;\">Elle s\u2019adresse \u00e0 toutes personnes homme, femme et enfant visant \u00e0 renforcer durablement les ressources physique, mentale \u00e9motionnelle. La pr\u00e9paration mentale favorise la performance la plus efficiente et optimale face au facteur interne et externe des situations per\u00e7ues comme anxiog\u00e8nes.<\/p>\n<h2>\u00a0<\/h2>\n<h3>Comment\u00a0:<\/h3>\n<h1>Le bien-\u00eatre &amp; la performance<\/h1>\n<p style=\"font-weight: 400;\">Dans le domaine sportif de haut niveau, seulement une \u00e9lite b\u00e9n\u00e9ficier des outils efficaces en mati\u00e8re strat\u00e9gique personnels ou collectifs. Ces ma\u00eetrises des fonctions \u00e9motionnelles et mentales des r\u00e9centes d\u00e9couvertes en neurosciences sont aujourd\u2019hui accessibles \u00e0 tous.<\/p>\n<h1>La coh\u00e9rence cardiaque\u00a0:<\/h1>\n<p>&nbsp;<\/p>\n<p style=\"font-weight: 400;\"><img loading=\"lazy\" decoding=\"async\" class=\"wp-image-587 aligncenter size-large\" src=\"http:\/\/eric-claux.com\/wp-content\/uploads\/2019\/11\/Capture-d\u2019\u00e9cran-2015-11-20-\u00e0-05.44.32-1024x640.png\" alt=\"\" width=\"1024\" height=\"640\" srcset=\"https:\/\/eric-claux.com\/wp-content\/uploads\/2019\/11\/Capture-d\u2019\u00e9cran-2015-11-20-\u00e0-05.44.32-1024x640.png 1024w, https:\/\/eric-claux.com\/wp-content\/uploads\/2019\/11\/Capture-d\u2019\u00e9cran-2015-11-20-\u00e0-05.44.32-300x188.png 300w, https:\/\/eric-claux.com\/wp-content\/uploads\/2019\/11\/Capture-d\u2019\u00e9cran-2015-11-20-\u00e0-05.44.32-768x480.png 768w, https:\/\/eric-claux.com\/wp-content\/uploads\/2019\/11\/Capture-d\u2019\u00e9cran-2015-11-20-\u00e0-05.44.32-600x375.png 600w, https:\/\/eric-claux.com\/wp-content\/uploads\/2019\/11\/Capture-d\u2019\u00e9cran-2015-11-20-\u00e0-05.44.32-610x381.png 610w, https:\/\/eric-claux.com\/wp-content\/uploads\/2019\/11\/Capture-d\u2019\u00e9cran-2015-11-20-\u00e0-05.44.32-400x250.png 400w, https:\/\/eric-claux.com\/wp-content\/uploads\/2019\/11\/Capture-d\u2019\u00e9cran-2015-11-20-\u00e0-05.44.32-1080x675.png 1080w, https:\/\/eric-claux.com\/wp-content\/uploads\/2019\/11\/Capture-d\u2019\u00e9cran-2015-11-20-\u00e0-05.44.32-980x613.png 980w, https:\/\/eric-claux.com\/wp-content\/uploads\/2019\/11\/Capture-d\u2019\u00e9cran-2015-11-20-\u00e0-05.44.32-480x300.png 480w, https:\/\/eric-claux.com\/wp-content\/uploads\/2019\/11\/Capture-d\u2019\u00e9cran-2015-11-20-\u00e0-05.44.32.png 1280w\" sizes=\"(max-width: 1024px) 100vw, 1024px\" \/><\/p>\n<p style=\"font-weight: 400;\">Ce syst\u00e8me fonctionne en synchronisation avec les \u00e9motions et les pens\u00e9es.<\/p>\n<p style=\"font-weight: 400;\">Ces r\u00e9sultats sont obtenus gr\u00e2ce \u00e0 un proc\u00e9d\u00e9 biofeedback brevet\u00e9 qui affiche les du rythme cardiaque en temps r\u00e9el. Il vous indique que vous \u00eates dans un \u00e9tat de haute performance \u00e9motionnel.\u00a0Ces techniques portent par exemple sur la fixation d&rsquo;objectifs, l\u2019imagerie mentale, la r\u00e9gulation de l\u2019\u00e9nergie (ma\u00eetrise de la relaxation, de la respiration&#8230;), la gestion des \u00e9motions, la confiance en soi, la focalisation attentionnelle (travail sur les champs attentionnels, routine de performance&#8230;)<\/p>\n<p style=\"font-weight: 400;\">Les effets de r\u00e9silience et permet le retour au calme.<\/p>\n<h4 style=\"font-weight: 400;\">L\u2019Approche NeuroCognitive et Comportementale (A.N.C)<\/h4>\n<p style=\"font-weight: 400;\"><img loading=\"lazy\" decoding=\"async\" class=\"aligncenter wp-image-586 size-full\" src=\"https:\/\/eric-claux.com\/wp-content\/uploads\/2019\/11\/2-modes-mentaux-fonctionnels.jpg\" alt=\"\" width=\"489\" height=\"367\" srcset=\"https:\/\/eric-claux.com\/wp-content\/uploads\/2019\/11\/2-modes-mentaux-fonctionnels.jpg 489w, https:\/\/eric-claux.com\/wp-content\/uploads\/2019\/11\/2-modes-mentaux-fonctionnels-480x360.jpg 480w\" sizes=\"(min-width: 0px) and (max-width: 480px) 480px, (min-width: 481px) 489px, 100vw\" \/><\/p>\n<p style=\"font-weight: 400;\">Elle s\u2019appuie sur une synth\u00e8se entre les sciences de la psychologie (th\u00e9rapies comportementales et cognitives) et les sciences du cerveau (neurosciences) et permet d\u2019objectiver, de comprendre et d\u2019interagir avec une nouvelle efficacit\u00e9 dans toutes les disciplines sportives.<\/p>\n<h2>La coh\u00e9sion du pr\u00e9parateur mental et de la personne.<\/h2>\n<p style=\"font-weight: 400;\">Si l\u2019entourage (entra\u00eeneur, parents, amis&#8230;) peut g\u00e9rer certains aspects psychologiques de la performance, il est parfois essentiel d\u2019avoir recours \u00e0 une personne ind\u00e9pendante et ext\u00e9rieure \u00e0 l\u2019environnement proche. Echanger avec un pr\u00e9parateur mental poss\u00e9dant une bonne connaissance du milieu, permettra \u00e0 l\u2019acteur de la performance de prendre du recul sur son projet et d\u2019avoir un regard neutre sur les actions mises en place pour qu\u2019il aboutisse.\u00a0Le choix et l\u2019application de ces diff\u00e9rents \u00ab outils \u00bb doivent \u00eatre r\u00e9fl\u00e9chis et correspondre aux besoins et \u00e0 la sp\u00e9cificit\u00e9 de la personne.<\/p>\n<p style=\"font-weight: 400; text-align: center;\">\u00a0La participation et l\u2019investissement\u00a0du sportif sont n\u00e9cessaires, il doit \u00eatre volontaire et impliqu\u00e9 pour s\u2019approprier ces techniques et pouvoir les mettre au service de la r\u00e9ussite de ses objectifs.<\/p>\n<p>[\/et_pb_text][et_pb_text admin_label=\u00a0\u00bbTexte\u00a0\u00bb _builder_version=\u00a0\u00bb4.16&Prime; background_size=\u00a0\u00bbinitial\u00a0\u00bb background_position=\u00a0\u00bbtop_left\u00a0\u00bb background_repeat=\u00a0\u00bbrepeat\u00a0\u00bb hover_enabled=\u00a0\u00bb0&Prime; use_border_color=\u00a0\u00bboff\u00a0\u00bb border_color=\u00a0\u00bb#ffffff\u00a0\u00bb border_style=\u00a0\u00bbsolid\u00a0\u00bb global_colors_info=\u00a0\u00bb{}\u00a0\u00bb sticky_enabled=\u00a0\u00bb0&Prime;] [\/et_pb_text][\/et_pb_column][\/et_pb_row][\/et_pb_section]<\/p>\n","protected":false},"excerpt":{"rendered":"<p>La pr\u00e9paration mentale, pour qui\u00a0? Pourquoi\u00a0? Elle s\u2019adresse \u00e0 toutes personnes homme, femme et enfant visant \u00e0 renforcer durablement les ressources physique, mentale \u00e9motionnelle. La pr\u00e9paration mentale favorise la performance la plus efficiente et optimale face au facteur interne et externe des situations per\u00e7ues comme anxiog\u00e8nes. \u00a0 Comment\u00a0: Le bien-\u00eatre &amp; la performance Dans le [&hellip;]<\/p>\n","protected":false},"author":1,"featured_media":0,"parent":0,"menu_order":0,"comment_status":"closed","ping_status":"closed","template":"","meta":{"_et_pb_use_builder":"on","_et_pb_old_content":"","_et_gb_content_width":"","footnotes":""},"class_list":["post-161","page","type-page","status-publish","hentry"],"_links":{"self":[{"href":"https:\/\/eric-claux.com\/index.php?rest_route=\/wp\/v2\/pages\/161","targetHints":{"allow":["GET"]}}],"collection":[{"href":"https:\/\/eric-claux.com\/index.php?rest_route=\/wp\/v2\/pages"}],"about":[{"href":"https:\/\/eric-claux.com\/index.php?rest_route=\/wp\/v2\/types\/page"}],"author":[{"embeddable":true,"href":"https:\/\/eric-claux.com\/index.php?rest_route=\/wp\/v2\/users\/1"}],"replies":[{"embeddable":true,"href":"https:\/\/eric-claux.com\/index.php?rest_route=%2Fwp%2Fv2%2Fcomments&post=161"}],"version-history":[{"count":37,"href":"https:\/\/eric-claux.com\/index.php?rest_route=\/wp\/v2\/pages\/161\/revisions"}],"predecessor-version":[{"id":620,"href":"https:\/\/eric-claux.com\/index.php?rest_route=\/wp\/v2\/pages\/161\/revisions\/620"}],"wp:attachment":[{"href":"https:\/\/eric-claux.com\/index.php?rest_route=%2Fwp%2Fv2%2Fmedia&parent=161"}],"curies":[{"name":"wp","href":"https:\/\/api.w.org\/{rel}","templated":true}]}}