{"id":117,"date":"2016-09-26T18:40:27","date_gmt":"2016-09-26T16:40:27","guid":{"rendered":"http:\/\/eric-claux.com\/?page_id=117"},"modified":"2016-10-07T11:07:23","modified_gmt":"2016-10-07T09:07:23","slug":"particuliers","status":"publish","type":"page","link":"https:\/\/eric-claux.com\/?page_id=117","title":{"rendered":"Th\u00e9rapie des \u00e9motions"},"content":{"rendered":"<p>[et_pb_section admin_label=\u00a0\u00bbSection\u00a0\u00bb fullwidth=\u00a0\u00bbon\u00a0\u00bb specialty=\u00a0\u00bboff\u00a0\u00bb][et_pb_fullwidth_menu admin_label=\u00a0\u00bbMenu plein \u00e9cran\u00a0\u00bb menu_id=\u00a0\u00bb3&Prime; background_color=\u00a0\u00bb#ffffff\u00a0\u00bb background_layout=\u00a0\u00bblight\u00a0\u00bb text_orientation=\u00a0\u00bbcenter\u00a0\u00bb submenu_direction=\u00a0\u00bbdownwards\u00a0\u00bb fullwidth_menu=\u00a0\u00bboff\u00a0\u00bb dropdown_menu_animation=\u00a0\u00bbexpand\u00a0\u00bb menu_font_size=\u00a0\u00bb18px\u00a0\u00bb menu_text_color=\u00a0\u00bb#1b2c40&Prime; menu_letter_spacing=\u00a0\u00bb1px\u00a0\u00bb] [\/et_pb_fullwidth_menu][\/et_pb_section][et_pb_section admin_label=\u00a0\u00bbsection\u00a0\u00bb transparent_background=\u00a0\u00bboff\u00a0\u00bb allow_player_pause=\u00a0\u00bboff\u00a0\u00bb inner_shadow=\u00a0\u00bboff\u00a0\u00bb parallax=\u00a0\u00bboff\u00a0\u00bb parallax_method=\u00a0\u00bboff\u00a0\u00bb padding_mobile=\u00a0\u00bboff\u00a0\u00bb make_fullwidth=\u00a0\u00bboff\u00a0\u00bb use_custom_width=\u00a0\u00bboff\u00a0\u00bb width_unit=\u00a0\u00bbon\u00a0\u00bb make_equal=\u00a0\u00bboff\u00a0\u00bb use_custom_gutter=\u00a0\u00bboff\u00a0\u00bb background_color=\u00a0\u00bbrgba(255,255,255,0.21)\u00a0\u00bb][et_pb_row admin_label=\u00a0\u00bbLigne\u00a0\u00bb make_fullwidth=\u00a0\u00bboff\u00a0\u00bb use_custom_width=\u00a0\u00bboff\u00a0\u00bb width_unit=\u00a0\u00bbon\u00a0\u00bb use_custom_gutter=\u00a0\u00bboff\u00a0\u00bb padding_mobile=\u00a0\u00bboff\u00a0\u00bb background_color=\u00a0\u00bb#1b2c40&Prime; allow_player_pause=\u00a0\u00bboff\u00a0\u00bb parallax=\u00a0\u00bboff\u00a0\u00bb parallax_method=\u00a0\u00bboff\u00a0\u00bb make_equal=\u00a0\u00bboff\u00a0\u00bb parallax_1=\u00a0\u00bboff\u00a0\u00bb parallax_method_1=\u00a0\u00bboff\u00a0\u00bb column_padding_mobile=\u00a0\u00bbon\u00a0\u00bb][et_pb_column type=\u00a0\u00bb4_4&Prime;][et_pb_text admin_label=\u00a0\u00bbTexte\u00a0\u00bb background_layout=\u00a0\u00bblight\u00a0\u00bb text_orientation=\u00a0\u00bbcenter\u00a0\u00bb use_border_color=\u00a0\u00bboff\u00a0\u00bb border_color=\u00a0\u00bb#ffffff\u00a0\u00bb border_style=\u00a0\u00bbsolid\u00a0\u00bb]<\/p>\n<h1 style=\"text-align: center;\"><span style=\"color: #ffffff;\">Th\u00e9rapie des \u00e9motions<\/span><\/h1>\n<p>[\/et_pb_text][\/et_pb_column][\/et_pb_row][et_pb_row admin_label=\u00a0\u00bbrow\u00a0\u00bb][et_pb_column type=\u00a0\u00bb4_4&Prime;][et_pb_text admin_label=\u00a0\u00bbTexte\u00a0\u00bb background_layout=\u00a0\u00bblight\u00a0\u00bb text_orientation=\u00a0\u00bbleft\u00a0\u00bb use_border_color=\u00a0\u00bboff\u00a0\u00bb border_color=\u00a0\u00bb#ffffff\u00a0\u00bb border_style=\u00a0\u00bbsolid\u00a0\u00bb]<\/p>\n<h1 style=\"text-align: left;\">D\u00e9roulement d\u2019une s\u00e9ance<\/h1>\n<p>&nbsp;<\/p>\n<p>Je travaille avec tous publics\u00a0: <strong>Homme, Femme, Enfant, Adolescent, Couple, et Famille.<\/strong><\/p>\n<p>Notre premi\u00e8re rencontre nous permettra de nous poser<strong> toutes les questions<\/strong> qui nous sembleront <strong>n\u00e9cessaires<\/strong>. Nous d\u00e9ciderons ensemble si nous donnons suite \u00e0 cette premi\u00e8re fois.<\/p>\n<p>Je vous accueille \u00e0 exprimer tout ce qui se pr\u00e9sente pour vous\u00a0:<\/p>\n<p><strong>Vos pens\u00e9es, \u00a0vos \u00e9tats d\u2019\u00e2me, vos souffrances physiques, \u00e9motionnelles, \u00a0stress, une pr\u00e9occupation, une situation difficile, une satisfaction, un sentiment\u2026<\/strong><\/p>\n<p>Ensemble dans une relation Co-cr\u00e9ative se situant dans l\u2019ici et maintenant, nous mobiliserons toutes vos ressources vos besoins, pour que vous b\u00e9n\u00e9ficiez d\u2019une plus grande libert\u00e9, flexibilit\u00e9 et d\u2019une plus grande autonomie dans vos choix de vie.<\/p>\n<p>Cet accompagnement peut concerner un panel de situations tr\u00e8s vari\u00e9es pour lesquelles vous pouvez ressentir le besoin d\u2019une aide, sans pour autant vous consid\u00e9rer comme \u201cfou\u201d ou \u201canormal\u201d, mais juste quelqu\u2019un qui cherche <strong>\u00e0 mieux se comprendre<\/strong>.<\/p>\n<p>Ainsi pourront \u00eatre abord\u00e9es ici <strong>toutes sortes de questions<\/strong>\u2026 stress, maladies, sentiments, ruptures, peurs, deuils, solitude, choix ou passages de vie difficile, professionnelle ou priv\u00e9e, d\u00e9pression, timidit\u00e9, probl\u00e8mes alimentaires, sexualit\u00e9, estime de soi\u2026<\/p>\n<p><img loading=\"lazy\" decoding=\"async\" class=\"wp-image-85 aligncenter\" src=\"http:\/\/eric-claux.com\/wp-content\/uploads\/2016\/09\/arbre.jpg\" alt=\"arbre\" width=\"99\" height=\"95\" \/><\/p>\n<h4 class=\"couleur02\"><\/h4>\n<p>[\/et_pb_text][et_pb_divider admin_label=\u00a0\u00bbS\u00e9parateur\u00a0\u00bb color=\u00a0\u00bb#80b01c\u00a0\u00bb show_divider=\u00a0\u00bbon\u00a0\u00bb height=\u00a0\u00bb10&Prime; divider_style=\u00a0\u00bbdouble\u00a0\u00bb divider_position=\u00a0\u00bbtop\u00a0\u00bb divider_weight=\u00a0\u00bb4&Prime; hide_on_mobile=\u00a0\u00bbon\u00a0\u00bb] [\/et_pb_divider][et_pb_text admin_label=\u00a0\u00bbTexte\u00a0\u00bb background_layout=\u00a0\u00bblight\u00a0\u00bb text_orientation=\u00a0\u00bbcenter\u00a0\u00bb use_border_color=\u00a0\u00bboff\u00a0\u00bb border_color=\u00a0\u00bb#ffffff\u00a0\u00bb border_style=\u00a0\u00bbsolid\u00a0\u00bb]<\/p>\n<h4 class=\"couleur02\" style=\"text-align: center;\"><strong>S\u00e9ance individuelle 50\u20ac<\/strong><\/h4>\n<h4 style=\"text-align: center;\">En aucun cas vous ne devez arr\u00eater un traitement ou un suivi m\u00e9dical sans l\u2019avis de votre m\u00e9decin.<\/h4>\n<p>[\/et_pb_text][\/et_pb_column][\/et_pb_row][\/et_pb_section]<\/p>\n","protected":false},"excerpt":{"rendered":"<p>Th\u00e9rapie des \u00e9motions D\u00e9roulement d\u2019une s\u00e9ance &nbsp; Je travaille avec tous publics\u00a0: Homme, Femme, Enfant, Adolescent, Couple, et Famille. Notre premi\u00e8re rencontre nous permettra de nous poser toutes les questions qui nous sembleront n\u00e9cessaires. Nous d\u00e9ciderons ensemble si nous donnons suite \u00e0 cette premi\u00e8re fois. Je vous accueille \u00e0 exprimer tout ce qui se pr\u00e9sente [&hellip;]<\/p>\n","protected":false},"author":1,"featured_media":0,"parent":0,"menu_order":0,"comment_status":"closed","ping_status":"closed","template":"","meta":{"_et_pb_use_builder":"on","_et_pb_old_content":"","_et_gb_content_width":"","footnotes":""},"class_list":["post-117","page","type-page","status-publish","hentry"],"_links":{"self":[{"href":"https:\/\/eric-claux.com\/index.php?rest_route=\/wp\/v2\/pages\/117","targetHints":{"allow":["GET"]}}],"collection":[{"href":"https:\/\/eric-claux.com\/index.php?rest_route=\/wp\/v2\/pages"}],"about":[{"href":"https:\/\/eric-claux.com\/index.php?rest_route=\/wp\/v2\/types\/page"}],"author":[{"embeddable":true,"href":"https:\/\/eric-claux.com\/index.php?rest_route=\/wp\/v2\/users\/1"}],"replies":[{"embeddable":true,"href":"https:\/\/eric-claux.com\/index.php?rest_route=%2Fwp%2Fv2%2Fcomments&post=117"}],"version-history":[{"count":33,"href":"https:\/\/eric-claux.com\/index.php?rest_route=\/wp\/v2\/pages\/117\/revisions"}],"predecessor-version":[{"id":400,"href":"https:\/\/eric-claux.com\/index.php?rest_route=\/wp\/v2\/pages\/117\/revisions\/400"}],"wp:attachment":[{"href":"https:\/\/eric-claux.com\/index.php?rest_route=%2Fwp%2Fv2%2Fmedia&parent=117"}],"curies":[{"name":"wp","href":"https:\/\/api.w.org\/{rel}","templated":true}]}}