{"id":110,"date":"2016-09-26T18:33:37","date_gmt":"2016-09-26T16:33:37","guid":{"rendered":"http:\/\/eric-claux.com\/?page_id=110"},"modified":"2019-11-08T10:34:18","modified_gmt":"2019-11-08T09:34:18","slug":"profesionnelle","status":"publish","type":"page","link":"https:\/\/eric-claux.com\/?page_id=110","title":{"rendered":"Profesionnel"},"content":{"rendered":"<p>[et_pb_section fb_built=\u00a0\u00bb1&Prime; _builder_version=\u00a0\u00bb4.0.6&Prime; background_color=\u00a0\u00bb#12283f\u00a0\u00bb background_enable_image=\u00a0\u00bboff\u00a0\u00bb background_size=\u00a0\u00bbcontain\u00a0\u00bb][et_pb_row column_structure=\u00a0\u00bb3_4,1_4&Prime; _builder_version=\u00a0\u00bb4.0.6&Prime; hover_enabled=\u00a0\u00bb0&Prime; width=\u00a0\u00bb100%\u00a0\u00bb custom_margin=\u00a0\u00bb|77px||77px|false|true\u00a0\u00bb custom_margin_last_edited=\u00a0\u00bbon|desktop\u00a0\u00bb custom_margin_phone=\u00a0\u00bb|5px||5px|false|true\u00a0\u00bb custom_margin_tablet=\u00a0\u00bb|20px||20px|false|true\u00a0\u00bb max_width=\u00a0\u00bb93%\u00a0\u00bb][et_pb_column type=\u00a0\u00bb3_4&Prime; _builder_version=\u00a0\u00bb4.0.6&Prime;][et_pb_text admin_label=\u00a0\u00bbTexte\u00a0\u00bb _builder_version=\u00a0\u00bb4.0.6&Prime; background_size=\u00a0\u00bbinitial\u00a0\u00bb background_position=\u00a0\u00bbtop_left\u00a0\u00bb background_repeat=\u00a0\u00bbrepeat\u00a0\u00bb background_layout=\u00a0\u00bbdark\u00a0\u00bb custom_margin=\u00a0\u00bb||||false|false\u00a0\u00bb hover_enabled=\u00a0\u00bb0&Prime; use_border_color=\u00a0\u00bboff\u00a0\u00bb border_style=\u00a0\u00bbsolid\u00a0\u00bb width=\u00a0\u00bb100%\u00a0\u00bb max_width=\u00a0\u00bb100%\u00a0\u00bb]<\/p>\n<div>Je mets l\u2019humain au premier plan dans les entreprises, le besoin de donner un sens \u00e0 ce que l\u2019on est et ce que l\u2019on fait avec passion et envie, un savoir \u00ab\u00a0\u00eatre\u00a0\u00bb un savoir \u00ab\u00a0faire\u00a0\u00bb.<\/div>\n<div>\u00a0<\/div>\n<div>Aujourd\u2019hui dans le monde des entreprises, les challenges et les performances sont de plus en plus importantes, il est demand\u00e9 \u00e0 chacun d\u2019\u00eatre performant et d\u2019avoir acc\u00e8s \u00e0 ses pleins potentiels psychophysiologiques.<\/div>\n<div>Je remarque que malheureusement dans le secteur de l\u2019entreprise beaucoup de personnes sont en surmenage d\u00fb \u00e0 un d\u00e9s\u00e9quilibre \u00e9motionnel, physique et mental.<\/div>\n<div>Cela a un co\u00fbt financier qui touche les entreprises, les mutuelles, les assurances et le domaine m\u00e9dical. Des solutions simples et efficaces existent pour y rem\u00e9dier:<\/div>\n<div>\u00a0<\/div>\n<div>\u00a0<span style=\"font-size: 22px;\">\u00a0\u00a0<\/span><\/div>\n<h3>Les neurosciences au coeur de l\u2019entreprise :<\/h3>\n<p>&nbsp;<\/p>\n<p><strong>Pourquoi choisir les neurosciences au service du bien \u00eatre en entreprise?<\/strong><\/p>\n<p>D\u2019innombrables \u00e9tudes dans les domaines de recherches \u00a0scientifiques, m\u00e9dical et psychologie abondent dans cette direction.<\/p>\n<h5>Domaines de recherches<\/h5>\n<p>\u2013\u00a0\u00a0 \u00a0Solutions p\u00e9dagogiques via l\u2019approche neurocognitive pour am\u00e9liorer la coh\u00e9sion personnelle, sociale et globale.<br \/>\u2013\u00a0\u00a0 \u00a0Strat\u00e9gies collectives de ma\u00eetrise des fonctions physiologique et psychologique vers l\u2019\u00e9quilibre et la ma\u00eetrise \u00e9motionnelle<br \/>\u2013\u00a0\u00a0 \u00a0Solutions d\u2019optimisation du potentiel de l\u2019\u00eatre humain avec application des connaissances en physique quantique au quotidien.<br \/>\u2013\u00a0\u00a0 \u00a0Leviers de reconnexion \u00e0 l\u2019intelligence du c\u0153ur et aux sentiments porteurs, cr\u00e9ateur de synergie et d\u2019expression de l\u2019\u00e9nergie Amour entre \u00eatres humains.<\/p>\n<p>Domaines d\u2019applications<\/p>\n<p><strong>L\u2019approche neurocognitive et Comportementale (ANC)<\/strong><\/p>\n<p>C\u2019est une approche \u00e0 la pointe du progr\u00e8s. Globale. Coh\u00e9rente. Agissant \u00e0 trois niveaux. Lib\u00e9ration des\u00a0potentialit\u00e9s individuelles; elle favorise le plaisir de l\u2019action collective; am\u00e9liore l\u2019organisation. elle active des leviers de penser et d\u2019agir automatique \u00e0 une mani\u00e8re de penser et d\u2019agir adaptative.\u00a0Cette approche globale novatrice de l\u2019\u00eatre humain et des organisations qui le portent, qui vise \u00e0 d\u00e9velopper le mieux-\u00eatre, mieux vivre, mieux travailler.<\/p>\n<p>J\u2019ai associ\u00e9 deux m\u00e9thodes simples efficaces la coh\u00e9rence cardiaque et l\u2019approche neurocognitive (ANC) sur deux jours de formation afin de r\u00e9pondre aux besoins et capacit\u00e9s humaines au sein de l\u2019entreprise.<\/p>\n<p><strong>La coh\u00e9rence cardiaque<\/strong><\/p>\n<p>Il est possible de mesurer de mani\u00e8re tr\u00e8s simple la variation instantan\u00e9e de la fr\u00e9quence cardiaque\u00a0qui \u00e9value le fonctionnnement du syst\u00e8me nerveux autonome. Ceci a permis de d\u00e9vellopper des outils\u00a0tr\u00e8s efficaces pour intervenir au niveau de l\u2019\u00e9motivit\u00e9 et de l\u2019affect. Le bon fonctionnement entre les deux\u00a0syst\u00e8mes sympathiques et parasynpathiques correspond \u00e0 un \u00e9tat de calme de vigilance qui am\u00e9liore les performances de l\u2019apprentissage, permet un meilleur acc\u00e8s au sentiment, au raisonnement plus efficient et de plus les pr\u00e9serve dans un bon \u00e9tat de sant\u00e9.<\/p>\n<p>[\/et_pb_text][\/et_pb_column][et_pb_column type=\u00a0\u00bb1_4&Prime; _builder_version=\u00a0\u00bb4.0.6&Prime;][et_pb_image src=\u00a0\u00bbhttp:\/\/eric-claux.com\/wp-content\/uploads\/2016\/09\/EricClaux-image1.jpg\u00a0\u00bb _builder_version=\u00a0\u00bb4.0.6&Prime; custom_margin=\u00a0\u00bb|||-1px||\u00a0\u00bb][\/et_pb_image][\/et_pb_column][\/et_pb_row][\/et_pb_section]<\/p>\n","protected":false},"excerpt":{"rendered":"<p>Je mets l\u2019humain au premier plan dans les entreprises, le besoin de donner un sens \u00e0 ce que l\u2019on est et ce que l\u2019on fait avec passion et envie, un savoir \u00ab\u00a0\u00eatre\u00a0\u00bb un savoir \u00ab\u00a0faire\u00a0\u00bb. \u00a0 Aujourd\u2019hui dans le monde des entreprises, les challenges et les performances sont de plus en plus importantes, il est [&hellip;]<\/p>\n","protected":false},"author":1,"featured_media":0,"parent":0,"menu_order":0,"comment_status":"closed","ping_status":"closed","template":"","meta":{"_et_pb_use_builder":"on","_et_pb_old_content":"","_et_gb_content_width":"","footnotes":""},"class_list":["post-110","page","type-page","status-publish","hentry"],"_links":{"self":[{"href":"https:\/\/eric-claux.com\/index.php?rest_route=\/wp\/v2\/pages\/110","targetHints":{"allow":["GET"]}}],"collection":[{"href":"https:\/\/eric-claux.com\/index.php?rest_route=\/wp\/v2\/pages"}],"about":[{"href":"https:\/\/eric-claux.com\/index.php?rest_route=\/wp\/v2\/types\/page"}],"author":[{"embeddable":true,"href":"https:\/\/eric-claux.com\/index.php?rest_route=\/wp\/v2\/users\/1"}],"replies":[{"embeddable":true,"href":"https:\/\/eric-claux.com\/index.php?rest_route=%2Fwp%2Fv2%2Fcomments&post=110"}],"version-history":[{"count":39,"href":"https:\/\/eric-claux.com\/index.php?rest_route=\/wp\/v2\/pages\/110\/revisions"}],"predecessor-version":[{"id":603,"href":"https:\/\/eric-claux.com\/index.php?rest_route=\/wp\/v2\/pages\/110\/revisions\/603"}],"wp:attachment":[{"href":"https:\/\/eric-claux.com\/index.php?rest_route=%2Fwp%2Fv2%2Fmedia&parent=110"}],"curies":[{"name":"wp","href":"https:\/\/api.w.org\/{rel}","templated":true}]}}