{"id":108,"date":"2016-09-26T18:33:17","date_gmt":"2016-09-26T16:33:17","guid":{"rendered":"http:\/\/eric-claux.com\/?page_id=108"},"modified":"2023-11-03T15:58:09","modified_gmt":"2023-11-03T14:58:09","slug":"contact","status":"publish","type":"page","link":"https:\/\/eric-claux.com\/?page_id=108","title":{"rendered":"Contact"},"content":{"rendered":"<p>[et_pb_section fb_built=\u00a0\u00bb1&Prime; admin_label=\u00a0\u00bbsection\u00a0\u00bb _builder_version=\u00a0\u00bb4.16&Prime; global_colors_info=\u00a0\u00bb{}\u00a0\u00bb][et_pb_row admin_label=\u00a0\u00bbrow\u00a0\u00bb _builder_version=\u00a0\u00bb4.16&Prime; background_size=\u00a0\u00bbinitial\u00a0\u00bb background_position=\u00a0\u00bbtop_left\u00a0\u00bb background_repeat=\u00a0\u00bbrepeat\u00a0\u00bb global_colors_info=\u00a0\u00bb{}\u00a0\u00bb][et_pb_column type=\u00a0\u00bb4_4&Prime; _builder_version=\u00a0\u00bb4.16&Prime; custom_padding=\u00a0\u00bb|||\u00a0\u00bb global_colors_info=\u00a0\u00bb{}\u00a0\u00bb custom_padding__hover=\u00a0\u00bb|||\u00a0\u00bb][et_pb_text admin_label=\u00a0\u00bbTexte\u00a0\u00bb _builder_version=\u00a0\u00bb4.16&Prime; background_size=\u00a0\u00bbinitial\u00a0\u00bb background_position=\u00a0\u00bbtop_left\u00a0\u00bb background_repeat=\u00a0\u00bbrepeat\u00a0\u00bb text_orientation=\u00a0\u00bbcenter\u00a0\u00bb module_alignment=\u00a0\u00bbcenter\u00a0\u00bb use_border_color=\u00a0\u00bboff\u00a0\u00bb border_color=\u00a0\u00bb#ffffff\u00a0\u00bb border_style=\u00a0\u00bbsolid\u00a0\u00bb global_colors_info=\u00a0\u00bb{}\u00a0\u00bb]<\/p>\n<div class=\"panel\">\n<h3 style=\"text-align: center;\">Rendez-vous<\/h3>\n<p style=\"text-align: center;\">Les s\u00e9ances ont lieu du <strong>Lundi au Vendredi de 8H00 \u00e0 20h00<\/strong><br \/>\nainsi que le <strong>Samedi matin de 8H00 \u00e0 12H00<\/strong><\/p>\n<p style=\"text-align: center;\"><img loading=\"lazy\" decoding=\"async\" class=\"wp-image-85 aligncenter\" src=\"http:\/\/eric-claux.com\/wp-content\/uploads\/2016\/09\/arbre.jpg\" alt=\"arbre\" width=\"99\" height=\"95\" \/><\/p>\n<\/div>\n<p>[\/et_pb_text][et_pb_divider color=\u00a0\u00bb#80b01c\u00a0\u00bb divider_style=\u00a0\u00bbdouble\u00a0\u00bb divider_weight=\u00a0\u00bb4&Prime; disabled_on=\u00a0\u00bbon|on|off\u00a0\u00bb admin_label=\u00a0\u00bbS\u00e9parateur\u00a0\u00bb _builder_version=\u00a0\u00bb4.16&Prime; height=\u00a0\u00bb10px\u00a0\u00bb hide_on_mobile=\u00a0\u00bbon\u00a0\u00bb global_colors_info=\u00a0\u00bb{}\u00a0\u00bb] [\/et_pb_divider][et_pb_text admin_label=\u00a0\u00bbTexte\u00a0\u00bb _builder_version=\u00a0\u00bb4.16&Prime; background_size=\u00a0\u00bbinitial\u00a0\u00bb background_position=\u00a0\u00bbtop_left\u00a0\u00bb background_repeat=\u00a0\u00bbrepeat\u00a0\u00bb text_orientation=\u00a0\u00bbcenter\u00a0\u00bb module_alignment=\u00a0\u00bbcenter\u00a0\u00bb use_border_color=\u00a0\u00bboff\u00a0\u00bb border_color=\u00a0\u00bb#ffffff\u00a0\u00bb border_style=\u00a0\u00bbsolid\u00a0\u00bb global_colors_info=\u00a0\u00bb{}\u00a0\u00bb]<\/p>\n<h3 style=\"text-align: center;\">Coordonn\u00e9es<\/h3>\n<p style=\"text-align: center;\">T\u00e9l\u00e9phone:\u00a0<strong>06 19 55 08 40<\/strong><\/p>\n<p style=\"text-align: center;\">Pour me contacter par mail, merci d&rsquo;utiliser le formulaire<\/p>\n<p style=\"text-align: center;\">43 Avenue de la R\u00e9sistance, 83000 Toulon<\/p>\n<p style=\"text-align: center;\"><img loading=\"lazy\" decoding=\"async\" class=\"aligncenter wp-image-306\" src=\"http:\/\/eric-claux.com\/wp-content\/uploads\/2016\/09\/reseaux.png\" alt=\"reseaux\" width=\"246\" height=\"54\" srcset=\"https:\/\/eric-claux.com\/wp-content\/uploads\/2016\/09\/reseaux.png 368w, https:\/\/eric-claux.com\/wp-content\/uploads\/2016\/09\/reseaux-300x66.png 300w\" sizes=\"(max-width: 246px) 100vw, 246px\" \/><\/p>\n<p style=\"text-align: center;\"><a href=\"https:\/\/www.facebook.com\/pages\/%C3%8Atre-mieux-%C3%AAtre-La-libert%C3%A9-d%C3%AAtre-soi\/273988976109905?ref=hl\">Facebook<\/a> &#8211;\u00a0<a href=\"https:\/\/plus.google.com\/u\/0\/110347375181563931015\/posts?tab=XX\" target=\"_blank\" rel=\"noopener\">Google+<\/a> &#8211; <a href=\"https:\/\/twitter.com\/EricClaux\" target=\"_blank\" rel=\"noopener\">Twitter<\/a>\u00a0&#8211; <a href=\"https:\/\/www.linkedin.com\/profile\/view?id=319431838&amp;trk=nav_responsive_tab_profile\">Linkedin<\/a><\/p>\n<p>[\/et_pb_text][\/et_pb_column][\/et_pb_row][\/et_pb_section][et_pb_section fb_built=\u00a0\u00bb1&Prime; fullwidth=\u00a0\u00bbon\u00a0\u00bb admin_label=\u00a0\u00bbSection\u00a0\u00bb _builder_version=\u00a0\u00bb4.16&Prime; global_colors_info=\u00a0\u00bb{}\u00a0\u00bb][et_pb_fullwidth_map address=\u00a0\u00bb43 Avenue de la R\u00e9sistance, 83000 Toulon, France\u00a0\u00bb zoom_level=\u00a0\u00bb15&Prime; address_lat=\u00a0\u00bb43.120271099928395&Prime; address_lng=\u00a0\u00bb5.951825936472672&Prime; admin_label=\u00a0\u00bbCarte plein \u00e9cran\u00a0\u00bb _builder_version=\u00a0\u00bb4.16&Prime; global_colors_info=\u00a0\u00bb{}\u00a0\u00bb][et_pb_map_pin title=\u00a0\u00bbEric Claux\u00a0\u00bb pin_address=\u00a0\u00bb43 Avenue de la R\u00e9sistance, 83000 Toulon, France\u00a0\u00bb pin_address_lat=\u00a0\u00bb43.1178123&Prime; pin_address_lng=\u00a0\u00bb5.946569700000055&Prime; _builder_version=\u00a0\u00bb3.0.47&Prime; global_colors_info=\u00a0\u00bb{}\u00a0\u00bb] [\/et_pb_map_pin][\/et_pb_fullwidth_map][\/et_pb_section]<\/p>\n","protected":false},"excerpt":{"rendered":"<p>Rendez-vous Les s\u00e9ances ont lieu du Lundi au Vendredi de 8H00 \u00e0 20h00 ainsi que le Samedi matin de 8H00 \u00e0 12H00 Coordonn\u00e9es T\u00e9l\u00e9phone:\u00a006 19 55 08 40 Pour me contacter par mail, merci d&rsquo;utiliser le formulaire 43 Avenue de la R\u00e9sistance, 83000 Toulon Facebook &#8211;\u00a0Google+ &#8211; Twitter\u00a0&#8211; Linkedin<\/p>\n","protected":false},"author":1,"featured_media":0,"parent":0,"menu_order":0,"comment_status":"closed","ping_status":"closed","template":"","meta":{"_et_pb_use_builder":"on","_et_pb_old_content":"","_et_gb_content_width":"","footnotes":""},"class_list":["post-108","page","type-page","status-publish","hentry"],"_links":{"self":[{"href":"https:\/\/eric-claux.com\/index.php?rest_route=\/wp\/v2\/pages\/108","targetHints":{"allow":["GET"]}}],"collection":[{"href":"https:\/\/eric-claux.com\/index.php?rest_route=\/wp\/v2\/pages"}],"about":[{"href":"https:\/\/eric-claux.com\/index.php?rest_route=\/wp\/v2\/types\/page"}],"author":[{"embeddable":true,"href":"https:\/\/eric-claux.com\/index.php?rest_route=\/wp\/v2\/users\/1"}],"replies":[{"embeddable":true,"href":"https:\/\/eric-claux.com\/index.php?rest_route=%2Fwp%2Fv2%2Fcomments&post=108"}],"version-history":[{"count":25,"href":"https:\/\/eric-claux.com\/index.php?rest_route=\/wp\/v2\/pages\/108\/revisions"}],"predecessor-version":[{"id":626,"href":"https:\/\/eric-claux.com\/index.php?rest_route=\/wp\/v2\/pages\/108\/revisions\/626"}],"wp:attachment":[{"href":"https:\/\/eric-claux.com\/index.php?rest_route=%2Fwp%2Fv2%2Fmedia&parent=108"}],"curies":[{"name":"wp","href":"https:\/\/api.w.org\/{rel}","templated":true}]}}