{"id":106,"date":"2016-09-26T18:32:40","date_gmt":"2016-09-26T16:32:40","guid":{"rendered":"http:\/\/eric-claux.com\/?page_id=106"},"modified":"2017-05-23T17:25:42","modified_gmt":"2017-05-23T15:25:42","slug":"qui-suis-je","status":"publish","type":"page","link":"https:\/\/eric-claux.com\/?page_id=106","title":{"rendered":"Qui suis-je ?"},"content":{"rendered":"<p>[et_pb_section admin_label=\u00a0\u00bbsection\u00a0\u00bb transparent_background=\u00a0\u00bboff\u00a0\u00bb background_color=\u00a0\u00bb#1b2c40&Prime; allow_player_pause=\u00a0\u00bboff\u00a0\u00bb inner_shadow=\u00a0\u00bboff\u00a0\u00bb parallax=\u00a0\u00bboff\u00a0\u00bb parallax_method=\u00a0\u00bboff\u00a0\u00bb padding_mobile=\u00a0\u00bboff\u00a0\u00bb make_fullwidth=\u00a0\u00bboff\u00a0\u00bb use_custom_width=\u00a0\u00bboff\u00a0\u00bb width_unit=\u00a0\u00bbon\u00a0\u00bb make_equal=\u00a0\u00bboff\u00a0\u00bb use_custom_gutter=\u00a0\u00bboff\u00a0\u00bb][et_pb_row admin_label=\u00a0\u00bbrow\u00a0\u00bb][et_pb_column type=\u00a0\u00bb3_4&Prime;][et_pb_text admin_label=\u00a0\u00bbTexte\u00a0\u00bb background_layout=\u00a0\u00bblight\u00a0\u00bb text_orientation=\u00a0\u00bbleft\u00a0\u00bb use_border_color=\u00a0\u00bboff\u00a0\u00bb border_color=\u00a0\u00bb#ffffff\u00a0\u00bb border_style=\u00a0\u00bbsolid\u00a0\u00bb]<\/p>\n<div class=\"row\">\n<h1 class=\"large-12 columns logo\"><span style=\"color: #ffffff;\">Qui suis-je ?<\/span><\/h1>\n<p>&nbsp;<\/p>\n<\/div>\n<div class=\"row page\">\n<div class=\"row\">\n<p><span style=\"color: #ffffff;\">Je m\u2019appelle Eric CLAUX,\u00a0 je suis heureux de vous accueillir\u00a0sur mon site.<\/span><\/p>\n<h5><span style=\"color: #ffffff;\">Mon parcours<\/span><\/h5>\n<\/div>\n<div class=\"large-9 columns\">\n<div class=\"contenu\">\n<p><span style=\"color: #ffffff;\">Je suis <strong>Formateur\u00a0conf\u00e9rencier en communications et relations d\u2019empathie sur les gestions du stress et des \u00e9motions<\/strong>.<\/span><br \/>\n<span style=\"color: #ffffff;\"> Certifi\u00e9 coh\u00e9rence cardiaque, PI Conseil,\u00a0 c\u2019est une m\u00e9thode efficace et instantan\u00e9e sur les \u00e9motions et les gestions du stress qui a fait ses preuves aux \u00c9tats-Unis \u00e0 <a style=\"color: #ffffff;\" href=\"http:\/\/www.heartmath.org\/research\/science-of-the-heart\/introduction.html\">L\u2019institut HeartMath<\/a>.<\/span><\/p>\n<p><span style=\"color: #ffffff;\">Passionn\u00e9 par l\u2019essence de l\u2019\u00eatre humain \u00e0 tous les niveaux (Corps, Esprit, \u00c9motion) mon approche s\u2019inscrit dans le courant th\u00e9rapeutique neurocognitive, comportemental. Je crois profond\u00e9ment au potentiel de l\u2019\u00eatre humain de ses possibilit\u00e9s de changement et aux capacit\u00e9s d\u2019acc\u00e9der \u00e0 ses richesses et ses ressources profondes.<\/span><\/p>\n<\/div>\n<\/div>\n<\/div>\n<p>[\/et_pb_text][\/et_pb_column][et_pb_column type=\u00a0\u00bb1_4&Prime;][et_pb_image admin_label=\u00a0\u00bbImage\u00a0\u00bb src=\u00a0\u00bbhttp:\/\/eric-claux.com\/wp-content\/uploads\/2016\/09\/profil.jpg\u00a0\u00bb show_in_lightbox=\u00a0\u00bboff\u00a0\u00bb url_new_window=\u00a0\u00bboff\u00a0\u00bb use_overlay=\u00a0\u00bboff\u00a0\u00bb animation=\u00a0\u00bbleft\u00a0\u00bb sticky=\u00a0\u00bboff\u00a0\u00bb align=\u00a0\u00bbleft\u00a0\u00bb force_fullwidth=\u00a0\u00bboff\u00a0\u00bb always_center_on_mobile=\u00a0\u00bbon\u00a0\u00bb use_border_color=\u00a0\u00bboff\u00a0\u00bb border_color=\u00a0\u00bb#ffffff\u00a0\u00bb border_style=\u00a0\u00bbsolid\u00a0\u00bb]<br \/>\n[\/et_pb_image][\/et_pb_column][\/et_pb_row][\/et_pb_section][et_pb_section admin_label=\u00a0\u00bbSection\u00a0\u00bb fullwidth=\u00a0\u00bboff\u00a0\u00bb specialty=\u00a0\u00bboff\u00a0\u00bb][et_pb_row admin_label=\u00a0\u00bbLigne\u00a0\u00bb][et_pb_column type=\u00a0\u00bb4_4&Prime;][et_pb_text admin_label=\u00a0\u00bbTexte\u00a0\u00bb background_layout=\u00a0\u00bblight\u00a0\u00bb text_orientation=\u00a0\u00bbleft\u00a0\u00bb use_border_color=\u00a0\u00bboff\u00a0\u00bb border_color=\u00a0\u00bb#ffffff\u00a0\u00bb border_style=\u00a0\u00bbsolid\u00a0\u00bb]<\/p>\n<h1>Exp\u00e9rience<\/h1>\n<p>J\u2019accompagne toutes\u00a0 personnes \u00e0 s\u2019appuyer sur son potentiel, d\u2019\u00eatre cr\u00e9ateur et acteur de sa vie, se situant dans l\u2019ici et maintenant.<\/p>\n<ul>\n<li>Formation ANC Les fondamentaux de l\u2019Approche Neurocognitive et Comportementale<\/li>\n<li>Je suis <strong>certifi\u00e9 aux ateliers Faber\/Mazlish<\/strong> ces ateliers sont bas\u00e9s sur les travaux du psychologue clinicien Haim Ginott\u00a0 reconnus pour la communication parents-enfants.<\/li>\n<li>Je suis form\u00e9 \u00e0 l\u2019Approche Neurocognitive et Comportementale (ANC) <span class=\"\">\u00a0m\u00e9decin neurologue <\/span><span class=\"\">\u00a0dans le courant des Th\u00e9rapies Cognitives et Comportementales. Une discipline scientifique de Monsieur\u00a0<\/span><span class=\"\">Jaques FRADIN\u00a0<\/span><span class=\"\">Docteur en\u00a0<\/span><span class=\"\">M\u00e9decine<\/span><span class=\"\">, Psychoth\u00e9rapeute<\/span><span class=\"\">\u00a0(neurosciences, sciences du comportement, th\u00e9rapies cognitives, sciences psychosociales)\u00a0<\/span><\/li>\n<li>J\u2019ai des <strong>connaissances en Gestalt<\/strong>.<\/li>\n<li>J\u2019ai des <strong>connaissances Neuro-Quantique<\/strong>.<\/li>\n<li>Je <strong>pratique la m\u00e9ditation<\/strong>.<\/li>\n<li>J&rsquo;ai des\u00a0<strong>connaissances en neurosciences<\/strong><\/li>\n<\/ul>\n<p>Depuis plus de six ans maintenant, j\u2019accompagne\u00a0 Hommes, Femmes, Familles, Enfants, Couples de mon entourage avec respect et bienveillance.<\/p>\n<p>J\u2019ai d\u00e9cid\u00e9 de m\u2019installer et d\u2019ouvrir mes s\u00e9ances \u00e0 tous afin de pouvoir r\u00e9pondre \u00e0 un nombre croissant des sollicitations de la part des personnes n\u00e9cessitant une \u00e9coute, une aide ou qui souhaitent retrouver une motivation dans leur vie.<\/p>\n<p><img loading=\"lazy\" decoding=\"async\" class=\"wp-image-85 aligncenter\" src=\"http:\/\/eric-claux.com\/wp-content\/uploads\/2016\/09\/arbre.jpg\" alt=\"arbre\" width=\"99\" height=\"95\" \/><\/p>\n<p style=\"text-align: center;\">Connais-toi toi-m\u00eame et tu conna\u00eetras les Dieux et l\u2019univers.<\/p>\n<p style=\"text-align: center;\">Cette citation de Socrate r\u00e9sume assez bien ma philosophie de vie.<\/p>\n<p>[\/et_pb_text][\/et_pb_column][\/et_pb_row][\/et_pb_section]<\/p>\n","protected":false},"excerpt":{"rendered":"<p>Qui suis-je ? &nbsp; Je m\u2019appelle Eric CLAUX,\u00a0 je suis heureux de vous accueillir\u00a0sur mon site. Mon parcours Je suis Formateur\u00a0conf\u00e9rencier en communications et relations d\u2019empathie sur les gestions du stress et des \u00e9motions. Certifi\u00e9 coh\u00e9rence cardiaque, PI Conseil,\u00a0 c\u2019est une m\u00e9thode efficace et instantan\u00e9e sur les \u00e9motions et les gestions du stress qui a [&hellip;]<\/p>\n","protected":false},"author":1,"featured_media":0,"parent":0,"menu_order":0,"comment_status":"closed","ping_status":"closed","template":"","meta":{"_et_pb_use_builder":"on","_et_pb_old_content":"","_et_gb_content_width":"","footnotes":""},"class_list":["post-106","page","type-page","status-publish","hentry"],"_links":{"self":[{"href":"https:\/\/eric-claux.com\/index.php?rest_route=\/wp\/v2\/pages\/106","targetHints":{"allow":["GET"]}}],"collection":[{"href":"https:\/\/eric-claux.com\/index.php?rest_route=\/wp\/v2\/pages"}],"about":[{"href":"https:\/\/eric-claux.com\/index.php?rest_route=\/wp\/v2\/types\/page"}],"author":[{"embeddable":true,"href":"https:\/\/eric-claux.com\/index.php?rest_route=\/wp\/v2\/users\/1"}],"replies":[{"embeddable":true,"href":"https:\/\/eric-claux.com\/index.php?rest_route=%2Fwp%2Fv2%2Fcomments&post=106"}],"version-history":[{"count":18,"href":"https:\/\/eric-claux.com\/index.php?rest_route=\/wp\/v2\/pages\/106\/revisions"}],"predecessor-version":[{"id":476,"href":"https:\/\/eric-claux.com\/index.php?rest_route=\/wp\/v2\/pages\/106\/revisions\/476"}],"wp:attachment":[{"href":"https:\/\/eric-claux.com\/index.php?rest_route=%2Fwp%2Fv2%2Fmedia&parent=106"}],"curies":[{"name":"wp","href":"https:\/\/api.w.org\/{rel}","templated":true}]}}